{"id":218,"date":"2015-10-20T10:42:13","date_gmt":"2015-10-20T08:42:13","guid":{"rendered":"http:\/\/www.geigei.it\/?page_id=218"},"modified":"2021-07-12T12:52:54","modified_gmt":"2021-07-12T10:52:54","slug":"privacy-cookie-policy","status":"publish","type":"page","link":"https:\/\/www.geigei.it\/en\/privacy-cookie-policy\/","title":{"rendered":"Privacy Cookie Policy di www.geigei.it"},"content":{"rendered":"<h2 style=\"text-align: center;\">Questa Applicazione raccoglie alcuni Dati Personali dei propri Utenti<\/h2>\n<p><strong>Titolare del Trattamento dei Dati<br \/>\n<\/strong>Geigei S.r.l.<br \/>\nREGISTERED OFFICE: via Anna Kuliscioff 16, 63812, Montegranaro (FM), Italy<br \/>\nHEADQUARTER: Viale dei Monti scn, 63812, Montegranaro (FM), Italy<br \/>\nC.F. e P.IVA: IT 02098960442 | Telefono e Fax +39 0734 072158 | MAIL: info[at]geigei.it<\/p>\n<p><strong>Tipologie di Dati raccolti<br \/>\n<\/strong>Fra i Dati Personali raccolti da questa Applicazione, in modo autonomo o tramite terze parti, ci sono: Nome, Cognome, Email, Cookie e Dati di utilizzo.Altri Dati Personali raccolti potrebbero essere indicati in altre sezioni di questa privacy policy o mediante testi informativi visualizzati contestualmente alla raccolta dei Dati stessi.<br \/>\nI Dati Personali possono essere inseriti volontariamente dall\u2019Utente, oppure raccolti in modo automatico durante l&#8217;uso di questa Applicazione.<br \/>\nL\u2019eventuale utilizzo di Cookie &#8211; o di altri strumenti di tracciamento &#8211; da parte di questa Applicazione o dei titolari dei servizi terzi utilizzati da questa Applicazione, ove non diversamente precisato, ha la finalit\u00e0 di identificare l\u2019Utente e registrare le relative preferenze per finalit\u00e0 strettamente legate all&#8217;erogazione del servizio richiesto dall\u2019Utente.<br \/>\nIl mancato conferimento da parte dell\u2019Utente di alcuni Dati Personali potrebbe impedire a questa Applicazione di erogare i propri servizi.<br \/>\nL&#8217;Utente si assume la responsabilit\u00e0 dei Dati Personali di terzi pubblicati o condivisi mediante questa Applicazione e garantisce di avere il diritto di comunicarli o diffonderli, liberando il Titolare da qualsiasi responsabilit\u00e0 verso terzi.<\/p>\n<p>&nbsp;<\/p>\n<h2>Modalit\u00e0 e luogo del trattamento dei Dati raccolti<\/h2>\n<p><strong>Modalit\u00e0 di trattamento<br \/>\n<\/strong>Il Titolare tratta i Dati Personali degli Utenti adottando le opportune misure di sicurezza volte ad impedire l\u2019accesso, la divulgazione, la modifica o la distruzione non autorizzate dei Dati Personali.<br \/>\nIl trattamento viene effettuato mediante strumenti informatici e\/o telematici, con modalit\u00e0 organizzative e con logiche strettamente correlate alle finalit\u00e0 indicate. Oltre al Titolare, in alcuni casi, potrebbero avere accesso ai Dati categorie di incaricati coinvolti nell\u2019organizzazione del sito (personale amministrativo, commerciale, marketing, legali, amministratori di sistema) ovvero soggetti esterni (come fornitori di servizi tecnici terzi, corrieri postali, hosting provider, societ\u00e0 informatiche, agenzie di comunicazione) nominati anche, se necessario, Responsabili del Trattamento da parte del Titolare. L\u2019elenco aggiornato dei Responsabili potr\u00e0 sempre essere richiesto al Titolare del Trattamento.<\/p>\n<p><strong>Luogo<br \/>\n<\/strong>I Dati sono trattati presso le sedi operative del Titolare ed in ogni altro luogo in cui le parti coinvolte nel trattamento siano localizzate. Per ulteriori informazioni, contatta il Titolare.<strong>\u00a0<\/strong><\/p>\n<p><strong>Tempi<br \/>\n<\/strong>I Dati sono trattati per il tempo necessario allo svolgimento del servizio richiesto dall\u2019Utente, o richiesto dalle finalit\u00e0 descritte in questo documento, e l\u2019Utente pu\u00f2 sempre chiedere l\u2019interruzione del Trattamento o la cancellazione dei Dati.<\/p>\n<p>&nbsp;<\/p>\n<h2>Finalit\u00e0 del Trattamento dei Dati raccolti<\/h2>\n<p>I Dati dell\u2019Utente sono raccolti per consentire al Titolare di fornire i propri servizi, cos\u00ec come per le seguenti finalit\u00e0: Commento dei contenuti, Interazione con social network e piattaforme esterne e Visualizzazione di contenuti da piattaforme esterne.\u00a0Le tipologie di Dati Personali utilizzati per ciascuna finalit\u00e0 sono indicati nelle sezioni specifiche di questo documento.<\/p>\n<p>&nbsp;<\/p>\n<h2>Dettagli sul trattamento dei Dati Personali<\/h2>\n<p>I Dati Personali sono raccolti per le seguenti finalit\u00e0 ed utilizzando i seguenti servizi:<\/p>\n<p><strong>Visualizzazione di contenuti da piattaforme esterne<br \/>\n<\/strong>Questi servizi permettono di visualizzare contenuti ospitati su piattaforme esterne direttamente dalle pagine di questa Applicazione e di interagire con essi.<br \/>\nNel caso in cui sia installato un servizio di questo tipo, \u00e8 possibile che, anche nel caso gli Utenti non utilizzino il servizio, lo stesso raccolga dati di traffico relativi alle pagine in cui \u00e8 installato.<\/p>\n<p><strong>&#8211; Google Fonts (Google Inc.)<br \/>\n<\/strong>Google Fonts \u00e8 un servizio di visualizzazione di stili di carattere gestito da Google Inc. che permette a questa Applicazione di integrare tali contenuti all\u2019interno delle proprie pagine.<br \/>\nDati personali raccolti: Cookie e Dati di utilizzo.<br \/>\nLuogo del trattamento : USA \u2013\u00a0<a href=\"http:\/\/www.google.it\/intl\/en\/policies\/privacy\/\" target=\"_blank\">Privacy Policy<\/a><\/p>\n<h3><\/h3>\n<h2>Ulteriori informazioni sul trattamento<\/h2>\n<p><strong>Difesa in giudizio<br \/>\n<\/strong>I Dati Personali dell\u2019Utente possono essere utilizzati per la difesa da parte del Titolare in giudizio o nelle fasi propedeutiche alla sua eventuale instaurazione, da abusi nell&#8217;utilizzo della stessa o dei servizi connessi da parte dell\u2019Utente.<br \/>\nL\u2019Utente dichiara di essere consapevole che il Titolare potrebbe essere richiesto di rivelare i Dati su richiesta delle pubbliche autorit\u00e0.<\/p>\n<p><strong>Informative specifiche<br \/>\n<\/strong>Su richiesta dell\u2019Utente, in aggiunta alle informazioni contenute in questa privacy policy, questa Applicazione potrebbe fornire all&#8217;Utente delle informative aggiuntive e contestuali riguardanti servizi specifici, o la raccolta ed il trattamento di Dati Personali.<\/p>\n<p><strong>Log di sistema e manutenzione<br \/>\n<\/strong>Per necessit\u00e0 legate al funzionamento ed alla manutenzione, questa Applicazione e gli eventuali servizi terzi da essa utilizzati potrebbero raccogliere Log di sistema, ossia file che registrano le interazioni e che possono contenere anche Dati Personali, quali l\u2019indirizzo IP Utente.<\/p>\n<p><strong>Informazioni non contenute in questa policy<br \/>\n<\/strong>Maggiori informazioni in relazione al trattamento dei Dati Personali potranno essere richieste in qualsiasi momento al Titolare del Trattamento utilizzando le informazioni di contatto.<\/p>\n<p><strong>Esercizio dei diritti da parte degli Utenti<br \/>\n<\/strong>I soggetti cui si riferiscono i Dati Personali hanno il diritto in qualunque momento di ottenere la conferma dell&#8217;esistenza o meno degli stessi presso il Titolare del Trattamento, di conoscerne il contenuto e l&#8217;origine, di verificarne l&#8217;esattezza o chiederne l\u2019integrazione, la cancellazione, l&#8217;aggiornamento, la rettifica, la trasformazione in forma anonima o il blocco dei Dati Personali trattati in violazione di legge, nonch\u00e9 di opporsi in ogni caso, per motivi legittimi, al loro trattamento. Le richieste vanno rivolte al Titolare del Trattamento.<br \/>\nQuesta Applicazione non supporta le richieste \u201cDo Not Track\u201d. Per conoscere se gli eventuali servizi di terze parti utilizzati le supportano, consulta le loro privacy policy.<\/p>\n<p><strong>Modifiche a questa privacy policy<br \/>\n<\/strong>Il Titolare del Trattamento si riserva il diritto di apportare modifiche alla presente privacy policy in qualunque momento dandone pubblicit\u00e0 agli Utenti su questa pagina. Si prega dunque di consultare spesso questa pagina, prendendo come riferimento la data di ultima modifica indicata in fondo. Nel caso di mancata accettazione delle modifiche apportate alla presente privacy policy, l\u2019Utente \u00e8 tenuto a cessare l\u2019utilizzo di questa Applicazione e pu\u00f2 richiedere al Titolare del Trattamento di rimuovere i propri Dati Personali. Salvo quanto diversamente specificato, la precedente privacy policy continuer\u00e0 ad applicarsi ai Dati Personali sino a quel momento raccolti.<\/p>\n<p><strong>Informazioni su questa privacy policy<br \/>\n<\/strong>Il Titolare del Trattamento dei Dati \u00e8 responsabile per questa privacy policy.<\/p>\n<p>&nbsp;<\/p>\n<h2>Definizioni e riferimenti legali<\/h2>\n<p><strong>&#8211; Dati Personali (o Dati)<br \/>\n<\/strong>Costituisce dato personale qualunque informazione relativa a persona fisica, identificata o identificabile, anche indirettamente, mediante riferimento a qualsiasi altra informazione, ivi compreso un numero di identificazione personale.<\/p>\n<p><strong>&#8211; Dati di Utilizzo<br \/>\n<\/strong>Sono le informazioni raccolti in maniera automatica di questa Applicazione (o dalle applicazioni di parti terze che questa Applicazione utilizza), tra i quali: gli indirizzi IP o i nomi a dominio dei computer utilizzati dall\u2019Utente che si connette con questa Applicazione, gli indirizzi in notazione URI (Uniform Resource Identifier), l\u2019orario della richiesta, il metodo utilizzato nel sottoporre la richiesta al server, la dimensione del file ottenuto in risposta, il codice numerico indicante lo stato della risposta dal server (buon fine, errore, ecc.) il Paese di provenienza, le caratteristiche del browser e del sistema operativo utilizzati dal visitatore, le varie connotazioni temporali della visita (ad esempio il tempo di permanenza su ciascuna pagina) e i dettagli relativi all\u2019itinerario seguito all\u2019interno dell\u2019Applicazione, con particolare riferimento alla sequenza delle pagine consultate, ai parametri relativi al sistema operativo e all\u2019ambiente informatico dell\u2019Utente.<\/p>\n<p><strong>&#8211; Utente<br \/>\n<\/strong>L&#8217;individuo che utilizza questa Applicazione, che deve coincidere con l&#8217;Interessato o essere da questo autorizzato ed i cui Dati Personali sono oggetto del trattamento.<\/p>\n<p><strong>&#8211; Interessato<br \/>\n<\/strong>La persona fisica o giuridica cui si riferiscono i Dati Personali.<\/p>\n<p><strong>&#8211; Responsabile del Trattamento (o Responsabile)<br \/>\n<\/strong>La persona fisica, giuridica, la pubblica amministrazione e qualsiasi altro ente, associazione od organismo preposti dal Titolare al trattamento dei Dati Personali, secondo quanto predisposto dalla presente privacy policy.<\/p>\n<p><strong>&#8211; Titolare del Trattamento (o Titolare)<br \/>\n<\/strong>La persona fisica, giuridica, la pubblica amministrazione e qualsiasi altro ente, associazione od organismo cui competono, anche unitamente ad altro titolare, le decisioni in ordine alle finalit\u00e0, alle modalit\u00e0 del trattamento di dati personali ed agli strumenti utilizzati, ivi compreso il profilo della sicurezza, in relazione al funzionamento e alla fruizione di questa Applicazione. Il Titolare del Trattamento, salvo quanto diversamente specificato, \u00e8 il proprietario di questa Applicazione.<\/p>\n<p><strong>&#8211; Questa Applicazione<br \/>\n<\/strong>Lo strumento hardware o software mediante il quale sono raccolti i Dati Personali degli Utenti.<\/p>\n<p><strong>&#8211; Cookie<br \/>\n<\/strong>Piccola porzione di dati conservata all&#8217;interno del dispositivo dell&#8217;Utente.<\/p>\n<p>&nbsp;<\/p>\n<h2>La nostra politica sui cookie<\/h2>\n<p>La presente Policy sui Cookies descrive il modo in cui i cookies sono utilizzati nel presente sito internet e il modo in cui potete abilitare o disabilitare i cookies.<br \/>\nI cookie sono piccole porzioni di dati generati dai siti web che visiti. Essi vengono memorizzati e utilizzati per migliorare l\u2019esperienza di utilizzo di un sito, permettendo di mantenere le informazioni tra le pagine ed anche di analizzare il modo in cui interagite con il sito.<br \/>\nI cookies sono sicuri, non registrano alcuna informazione personale su un utente, e le informazioni immagazzinate in esso possono riguardare l&#8217;utente, le sue preferenze o il dispositivo di accesso a Internet (computer, tablet o cellulare) e vengono utilizzate principalmente per adeguare il funzionamento del sito alle aspettative dell&#8217;utente, offrendo un&#8217;esperienza di navigazione pi\u00f9 personalizzata.<br \/>\nDi seguito \u00e8 possibile saperne di pi\u00f9 sui vari modi in cui utilizziamo i cookie. Se lo si desidera, \u00e8 possibile impedire il salvataggio di alcuni o tutti i cookie.<\/p>\n<p><strong>COOKIE TECNICI<br \/>\n<\/strong>Sono cookie di navigazione o di sessione, che garantiscono la normale navigazione e fruizione del sito web (permettendo, ad esempio, di realizzare un acquisto o autenticarsi per accedere ad aree riservate), i\u00a0cookie analytics, assimilati ai cookie tecnici laddove utilizzati direttamente dal gestore del sito per raccogliere informazioni, in forma aggregata, sul numero degli utenti e su come questi visitano il sito stesso e i\u00a0cookie di funzionalit\u00e0, che permettono all\u2019utente la navigazione in funzione di una serie di criteri selezionati (ad esempio, la lingua, i prodotti selezionati per l\u2019acquisto) al fine di migliorare il servizio reso allo stesso.<\/p>\n<p><strong>COOKIE FUNZIONALI<br \/>\n<\/strong>Questi cookie consentono al sito di ricordare le scelte fatte dall\u2019utente, come la lingua, o di offrire funzionalit\u00e0 avanzate, nonch\u00e9 maggiori informazioni e funzioni personali. Ci\u00f2 include la possibilit\u00e0 di guardare video di YouTube, fornire informazioni su determinate destinazioni e consentire agli utenti di condividere contenuti attraverso i social network(bottoni condividi, Facebook, Twitter, ecc). Tali servizi sono principalmente forniti da operatori esterni.<br \/>\nSe si dispone di un account o se si utilizzano i servizi di tali soggetti su altri siti Web, questi potrebbero essere in grado di sapere che l&#8217;utente ha visitato i nostri siti. L&#8217;utilizzo dei dati raccolti da questi operatori esterni tramite cookie \u00e8 sottoposto alle rispettive politiche sulla privacy e pertanto si identificano tali cookie con i nomi dei rispettivi soggetti.<\/p>\n<p><strong>RINUNCIA AI COOKIE<br \/>\n<\/strong>In caso di preoccupazioni sull&#8217;utilizzo dei cookie, \u00e8 possibile intervenire e impedirne l&#8217;impostazione, ad esempio modificando la configurazione del browser per bloccarne determinati tipi.<br \/>\nPer informazioni dettagliate sulla procedura necessaria \u00e8 possibile consultare la guida del browser (Esempio <a href=\"http:\/\/windows.microsoft.com\/it-it\/windows7\/block-enable-or-allow-cookies\" target=\"_blank\">Internet Explorer<\/a>, <a href=\"https:\/\/support.mozilla.org\/it\/kb\/Attivare%20e%20disattivare%20i%20cookie\" target=\"_blank\">Firefox<\/a>, <a href=\"https:\/\/support.google.com\/accounts\/answer\/61416?hl=it\" target=\"_blank\">Chrome<\/a>, Safari, <a href=\"http:\/\/help.opera.com\/Windows\/12.10\/it\/cookies.html\" target=\"_blank\">Opera<\/a>, altri).<br \/>\nLe societ\u00e0 pubblicitarie consentono inoltre di rinunciare alla ricezione di annunci mirati, se lo si desidera. Ci\u00f2 non impedisce l&#8217;impostazione dei cookie, ma interrompe l&#8217;utilizzo e la raccolta di alcuni dati da parte di tali societ\u00e0. Per maggiori informazioni e possibilit\u00e0 di rinuncia, visitare l&#8217;indirizzo <a href=\"http:\/\/www.youronlinechoices.eu\/\" target=\"_blank\">http:\/\/www.youronlinechoices.eu\/<br \/>\n<\/a>Maggiori informazioni sui cookie, sulla privacy e sulla normativa, sono disponibili sul sito del Garante della\u00a0 Privacy <a href=\"http:\/\/www.garanteprivacy.it\/cookie\" target=\"_blank\">http:\/\/www.garanteprivacy.it\/cookie<\/a><\/p>\n<h2 style=\"text-align: center;\">Cookie impostati da GEIGEI.IT<\/h2>\n<p><strong><em>Viewed_Cookie_Policy<\/em><\/strong><strong><em><br \/>\n<\/em><\/strong>Utilizziamo un cookie di sessione chiamato \u201cviewed_cookie_policy\u201d , il cui scopo \u00e8 quello di ricordare la preferenza degli utenti per quanto riguarda le informazioni fornite sul sito riguardo la cookie policy. Ci\u00f2 avviene cliccando \u201cok\u201d o \u201caccetto\u201d alla prima visita del sito sulla barra di informazioni della politica dei cookie.<\/p>\n<p><strong><em>Cookie di Google Maps e reCaptcha<\/em><\/strong><strong><em><br \/>\n<\/em><\/strong>Google Maps imposta i cookie (NID, PREF) per l\u2019inclusione della mappa nella pagina contatti. E&#8217; un servizio di funzionalit\u00e0 e la sua durata \u00e8 persistente (circa 6 mesi). Ulteriori informazioni su questo cookie possono essere trovate alla pagina <a href=\"https:\/\/www.google.it\/intl\/it\/policies\/technologies\/types\/\" target=\"_blank\">https:\/\/www.google.it\/intl\/it\/policies\/technologies\/types\/<\/a> e <a href=\"https:\/\/www.google.com\/intl\/it\/policies\/privacy\/\" target=\"_blank\">https:\/\/www.google.com\/intl\/it\/policies\/privacy\/<\/a> .<\/p>\n<p><strong>PHPSESSID<br \/>\n<\/strong>Tipo: Cookie tecnico<br \/>\nDescrizione: utilizzato per mantenere le informazioni di sessione durante la navigazione sul sito. Questo tipo di cookie \u00e8 indispensabile per il corretto funzionamento di del sito, ed esclusivamente per questo, e viene quindi eliminato quando l&#8217;esperienza di navigazione sul sito termina. In quanto indispensabile ed in quanto cookie tecnico questo tipo di cookie viene sempre utilizzato, indipendentemente dalle preferenze dall&#8217;utente.<\/p>\n<p><strong>_icl_current_language<br \/>\n<\/strong>Cookie operativo con utilizzato dalla piattaforma software adottata, serve per memorizzare la lingua selezionata e la sua durata \u00e8 quella della sessione di navigazione.<\/p>\n<p>&nbsp;<\/p>\n<hr \/>\n<h3>Riferimenti legali<\/h3>\n<p>Avviso agli Utenti europei: la presente informativa privacy \u00e8 redatta in adempimento degli obblighi previsti dall\u2019Art. 10 della Direttiva n. 95\/46\/CE, nonch\u00e9 a quanto previsto dalla Direttiva 2002\/58\/CE, come aggiornata dalla Direttiva 2009\/136\/CE, in materia di Cookie.<br \/>\nQuesta informativa privacy riguarda esclusivamente questa Applicazione.<\/p>\n<p>Ultima modifica:\u00a012 Luglio 2021<\/p>\n","protected":false},"excerpt":{"rendered":"<p>Questa Applicazione raccoglie alcuni Dati Personali dei propri Utenti Titolare del Trattamento dei Dati Geigei S.r.l. REGISTERED OFFICE: via Anna Kuliscioff 16, 63812, Montegranaro (FM), Italy HEADQUARTER: Viale dei Monti scn, 63812, Montegranaro (FM), Italy C.F. e P.IVA: IT 02098960442 | Telefono e Fax +39 0734 072158 | MAIL: info[at]geigei.it Tipologie di Dati raccolti Fra&hellip;<\/p>\n<p><a href=\"https:\/\/www.geigei.it\/en\/privacy-cookie-policy\/\" class=\"read-more-link\">Read More &rarr;<\/a><\/p>\n","protected":false},"author":1,"featured_media":0,"parent":0,"menu_order":0,"comment_status":"closed","ping_status":"closed","template":"","meta":{"footnotes":""},"class_list":["post-218","page","type-page","status-publish","hentry"],"yoast_head":"<!-- This site is optimized with the Yoast SEO plugin v27.4 - https:\/\/yoast.com\/product\/yoast-seo-wordpress\/ -->\n<title>GEIGEI SRL | Privacy Cookie Policy<\/title>\n<meta name=\"robots\" content=\"index, follow, max-snippet:-1, max-image-preview:large, max-video-preview:-1\" \/>\n<link rel=\"canonical\" href=\"https:\/\/www.geigei.it\/en\/privacy-cookie-policy\/\" \/>\n<meta property=\"og:locale\" content=\"en_US\" \/>\n<meta property=\"og:type\" content=\"article\" \/>\n<meta property=\"og:title\" content=\"GEIGEI SRL | Privacy Cookie Policy\" \/>\n<meta property=\"og:description\" content=\"Questa Applicazione raccoglie alcuni Dati Personali dei propri Utenti Titolare del Trattamento dei Dati Geigei S.r.l. REGISTERED OFFICE: via Anna Kuliscioff 16, 63812, Montegranaro (FM), Italy HEADQUARTER: Viale dei Monti scn, 63812, Montegranaro (FM), Italy C.F. e P.IVA: IT 02098960442 | Telefono e Fax +39 0734 072158 | MAIL: info[at]geigei.it Tipologie di Dati raccolti Fra&hellip;Read More &rarr;\" \/>\n<meta property=\"og:url\" content=\"https:\/\/www.geigei.it\/en\/privacy-cookie-policy\/\" \/>\n<meta property=\"og:site_name\" content=\"GEIGEI\" \/>\n<meta property=\"article:modified_time\" content=\"2021-07-12T10:52:54+00:00\" \/>\n<meta name=\"twitter:card\" content=\"summary_large_image\" \/>\n<meta name=\"twitter:label1\" content=\"Est. reading time\" \/>\n\t<meta name=\"twitter:data1\" content=\"11 minutes\" \/>\n<script type=\"application\/ld+json\" class=\"yoast-schema-graph\">{\"@context\":\"https:\\\/\\\/schema.org\",\"@graph\":[{\"@type\":\"WebPage\",\"@id\":\"https:\\\/\\\/www.geigei.it\\\/en\\\/privacy-cookie-policy\\\/\",\"url\":\"https:\\\/\\\/www.geigei.it\\\/en\\\/privacy-cookie-policy\\\/\",\"name\":\"GEIGEI SRL | Privacy Cookie Policy\",\"isPartOf\":{\"@id\":\"https:\\\/\\\/www.geigei.it\\\/#website\"},\"datePublished\":\"2015-10-20T08:42:13+00:00\",\"dateModified\":\"2021-07-12T10:52:54+00:00\",\"breadcrumb\":{\"@id\":\"https:\\\/\\\/www.geigei.it\\\/en\\\/privacy-cookie-policy\\\/#breadcrumb\"},\"inLanguage\":\"en-US\",\"potentialAction\":[{\"@type\":\"ReadAction\",\"target\":[\"https:\\\/\\\/www.geigei.it\\\/en\\\/privacy-cookie-policy\\\/\"]}]},{\"@type\":\"BreadcrumbList\",\"@id\":\"https:\\\/\\\/www.geigei.it\\\/en\\\/privacy-cookie-policy\\\/#breadcrumb\",\"itemListElement\":[{\"@type\":\"ListItem\",\"position\":1,\"name\":\"Home\",\"item\":\"https:\\\/\\\/www.geigei.it\\\/en\\\/front-page-2\\\/\"},{\"@type\":\"ListItem\",\"position\":2,\"name\":\"Privacy Cookie Policy di www.geigei.it\"}]},{\"@type\":\"WebSite\",\"@id\":\"https:\\\/\\\/www.geigei.it\\\/#website\",\"url\":\"https:\\\/\\\/www.geigei.it\\\/\",\"name\":\"GEIGEI\",\"description\":\"\",\"potentialAction\":[{\"@type\":\"SearchAction\",\"target\":{\"@type\":\"EntryPoint\",\"urlTemplate\":\"https:\\\/\\\/www.geigei.it\\\/?s={search_term_string}\"},\"query-input\":{\"@type\":\"PropertyValueSpecification\",\"valueRequired\":true,\"valueName\":\"search_term_string\"}}],\"inLanguage\":\"en-US\"}]}<\/script>\n<!-- \/ Yoast SEO plugin. -->","yoast_head_json":{"title":"GEIGEI SRL | Privacy Cookie Policy","robots":{"index":"index","follow":"follow","max-snippet":"max-snippet:-1","max-image-preview":"max-image-preview:large","max-video-preview":"max-video-preview:-1"},"canonical":"https:\/\/www.geigei.it\/en\/privacy-cookie-policy\/","og_locale":"en_US","og_type":"article","og_title":"GEIGEI SRL | Privacy Cookie Policy","og_description":"Questa Applicazione raccoglie alcuni Dati Personali dei propri Utenti Titolare del Trattamento dei Dati Geigei S.r.l. REGISTERED OFFICE: via Anna Kuliscioff 16, 63812, Montegranaro (FM), Italy HEADQUARTER: Viale dei Monti scn, 63812, Montegranaro (FM), Italy C.F. e P.IVA: IT 02098960442 | Telefono e Fax +39 0734 072158 | MAIL: info[at]geigei.it Tipologie di Dati raccolti Fra&hellip;Read More &rarr;","og_url":"https:\/\/www.geigei.it\/en\/privacy-cookie-policy\/","og_site_name":"GEIGEI","article_modified_time":"2021-07-12T10:52:54+00:00","twitter_card":"summary_large_image","twitter_misc":{"Est. reading time":"11 minutes"},"schema":{"@context":"https:\/\/schema.org","@graph":[{"@type":"WebPage","@id":"https:\/\/www.geigei.it\/en\/privacy-cookie-policy\/","url":"https:\/\/www.geigei.it\/en\/privacy-cookie-policy\/","name":"GEIGEI SRL | Privacy Cookie Policy","isPartOf":{"@id":"https:\/\/www.geigei.it\/#website"},"datePublished":"2015-10-20T08:42:13+00:00","dateModified":"2021-07-12T10:52:54+00:00","breadcrumb":{"@id":"https:\/\/www.geigei.it\/en\/privacy-cookie-policy\/#breadcrumb"},"inLanguage":"en-US","potentialAction":[{"@type":"ReadAction","target":["https:\/\/www.geigei.it\/en\/privacy-cookie-policy\/"]}]},{"@type":"BreadcrumbList","@id":"https:\/\/www.geigei.it\/en\/privacy-cookie-policy\/#breadcrumb","itemListElement":[{"@type":"ListItem","position":1,"name":"Home","item":"https:\/\/www.geigei.it\/en\/front-page-2\/"},{"@type":"ListItem","position":2,"name":"Privacy Cookie Policy di www.geigei.it"}]},{"@type":"WebSite","@id":"https:\/\/www.geigei.it\/#website","url":"https:\/\/www.geigei.it\/","name":"GEIGEI","description":"","potentialAction":[{"@type":"SearchAction","target":{"@type":"EntryPoint","urlTemplate":"https:\/\/www.geigei.it\/?s={search_term_string}"},"query-input":{"@type":"PropertyValueSpecification","valueRequired":true,"valueName":"search_term_string"}}],"inLanguage":"en-US"}]}},"_links":{"self":[{"href":"https:\/\/www.geigei.it\/en\/wp-json\/wp\/v2\/pages\/218","targetHints":{"allow":["GET"]}}],"collection":[{"href":"https:\/\/www.geigei.it\/en\/wp-json\/wp\/v2\/pages"}],"about":[{"href":"https:\/\/www.geigei.it\/en\/wp-json\/wp\/v2\/types\/page"}],"author":[{"embeddable":true,"href":"https:\/\/www.geigei.it\/en\/wp-json\/wp\/v2\/users\/1"}],"replies":[{"embeddable":true,"href":"https:\/\/www.geigei.it\/en\/wp-json\/wp\/v2\/comments?post=218"}],"version-history":[{"count":0,"href":"https:\/\/www.geigei.it\/en\/wp-json\/wp\/v2\/pages\/218\/revisions"}],"wp:attachment":[{"href":"https:\/\/www.geigei.it\/en\/wp-json\/wp\/v2\/media?parent=218"}],"curies":[{"name":"wp","href":"https:\/\/api.w.org\/{rel}","templated":true}]}}